{"id":6376,"date":"2025-11-03T14:28:47","date_gmt":"2025-11-03T13:28:47","guid":{"rendered":"https:\/\/www.weingut-barth.net\/shop\/produkt\/nr-182024er-dornfelder-rotweinfruchtsuess-qualitaetswein-nahe-075l\/"},"modified":"2026-02-25T16:53:04","modified_gmt":"2026-02-25T15:53:04","slug":"nr-182024er-dornfelder-rotweinfruchtsuess-qualitaetswein-nahe-075l","status":"publish","type":"product","link":"https:\/\/www.weingut-barth.net\/shop\/produkt\/nr-182024er-dornfelder-rotweinfruchtsuess-qualitaetswein-nahe-075l\/","title":{"rendered":"<br>Nr.18<br>2024er <br><strong>Dornfelder<\/strong> Rotwein<br>fruchts\u00fc\u00df <br>Qualit\u00e4tswein | Nahe | 0,75l<br>"},"content":{"rendered":"<p><\/p>\n<table WIDTH=\"60%\" BORDER=\"0\" align=\"left\" CELLPADDING=\"0\" CELLSPACING=\"0\"><\/p>\n<tr>\n<td width=\"53%\">Artikelnummer:<\/td>\n<td width=\"47%\"><strong>18<\/strong><\/td>\n<\/tr>\n<p><\/p>\n<tr>\n<td>Inhalt<\/td>\n<td><strong>0,75 Ltr.<\/strong><\/td>\n<\/tr>\n<p><\/p>\n<tr>\n<td>Preis\/Ltr.<\/td>\n<td><strong>8,27 EUR pro Ltr.<\/strong><\/td>\n<\/tr>\n<p><\/p>\n<tr>\n<td>Weinart:<\/td>\n<td><strong>Rotwein<\/strong><\/td>\n<\/tr>\n<p><\/p>\n<tr>\n<td>Qualit&auml;tsstufe<\/td>\n<td><strong>Qualit\u00e4tswein<\/strong><\/td>\n<\/tr>\n<p><\/p>\n<tr>\n<td>Rebsorte<\/td>\n<td><strong>Dornfelder<\/strong><\/td>\n<\/tr>\n<p><\/p>\n<tr>\n<td>Restzuckergehalt<\/td>\n<td><strong>50 g\/Ltr.<\/strong><\/td>\n<\/tr>\n<p><\/p>\n<tr>\n<td>Alkoholgehalt<\/td>\n<td><strong>9,5 Vol. %<\/strong><\/td>\n<\/tr>\n<p><\/p>\n<tr>\n<td>vegan:<\/td>\n<td><strong>JA<\/strong><\/td>\n<\/tr>\n<p><\/p>\n<tr>\n<td>enth\u00e4lt Allergene:<\/td>\n<td><strong>Sulfite<\/strong><\/td>\n<\/tr>\n<p><\/p>\n<tr>\n<td>Ursprungsland:<\/td>\n<td><strong>Deutschland<\/strong><\/td>\n<\/tr>\n<p><\/table>\n","protected":false},"excerpt":{"rendered":"<p>Artikelnummer: 18 Inhalt 0,75 Ltr. Preis\/Ltr. 8,27 EUR pro Ltr. Weinart: Rotwein Qualit&auml;tsstufe Qualit\u00e4tswein Rebsorte Dornfelder Restzuckergehalt 50 g\/Ltr. Alkoholgehalt 9,5 Vol. % vegan: JA enth\u00e4lt Allergene: Sulfite Ursprungsland: Deutschland<\/p>\n","protected":false},"featured_media":6114,"template":"","meta":[],"product_brand":[],"product_cat":[521],"product_tag":[],"class_list":{"0":"post-6376","1":"product","2":"type-product","3":"status-publish","4":"has-post-thumbnail","6":"product_cat-rotweine-rose-und-blanc-de-noir","8":"first","9":"instock","10":"taxable","11":"shipping-taxable","12":"purchasable","13":"product-type-simple"},"_links":{"self":[{"href":"https:\/\/www.weingut-barth.net\/shop\/wp-json\/wp\/v2\/product\/6376","targetHints":{"allow":["GET"]}}],"collection":[{"href":"https:\/\/www.weingut-barth.net\/shop\/wp-json\/wp\/v2\/product"}],"about":[{"href":"https:\/\/www.weingut-barth.net\/shop\/wp-json\/wp\/v2\/types\/product"}],"wp:featuredmedia":[{"embeddable":true,"href":"https:\/\/www.weingut-barth.net\/shop\/wp-json\/wp\/v2\/media\/6114"}],"wp:attachment":[{"href":"https:\/\/www.weingut-barth.net\/shop\/wp-json\/wp\/v2\/media?parent=6376"}],"wp:term":[{"taxonomy":"product_brand","embeddable":true,"href":"https:\/\/www.weingut-barth.net\/shop\/wp-json\/wp\/v2\/product_brand?post=6376"},{"taxonomy":"product_cat","embeddable":true,"href":"https:\/\/www.weingut-barth.net\/shop\/wp-json\/wp\/v2\/product_cat?post=6376"},{"taxonomy":"product_tag","embeddable":true,"href":"https:\/\/www.weingut-barth.net\/shop\/wp-json\/wp\/v2\/product_tag?post=6376"}],"curies":[{"name":"wp","href":"https:\/\/api.w.org\/{rel}","templated":true}]}}