{"id":6150,"date":"2024-12-18T14:16:35","date_gmt":"2024-12-18T13:16:35","guid":{"rendered":"https:\/\/www.weingut-barth.net\/shop\/produkt\/nr-6b2023-gewuerztraminer-no-1-trocken-sommerlocher-steinrossel-qualitaetswein-nahe-075l\/"},"modified":"2026-02-25T16:52:19","modified_gmt":"2026-02-25T15:52:19","slug":"nr-6b2023-gewuerztraminer-no-1-trocken-sommerlocher-steinrossel-qualitaetswein-nahe-075l","status":"publish","type":"product","link":"https:\/\/www.weingut-barth.net\/shop\/produkt\/nr-6b2023-gewuerztraminer-no-1-trocken-sommerlocher-steinrossel-qualitaetswein-nahe-075l\/","title":{"rendered":"<br>Nr.6b<br>2023 <strong>Gew\u00fcrztraminer No.1<\/strong> trocken<br><i>-Sommerlocher Steinrossel-<\/i><br>Qualit\u00e4tswein <strong>Nahe<\/strong> 0,75l<br>"},"content":{"rendered":"<p><\/p>\n<table WIDTH=\"60%\" BORDER=\"0\" align=\"left\" CELLPADDING=\"0\" CELLSPACING=\"0\"><\/p>\n<tr>\n<td width=\"53%\">Artikelnummer:<\/td>\n<td width=\"47%\"><strong>6b<\/strong><\/td>\n<\/tr>\n<p><\/p>\n<tr>\n<td>Inhalt<\/td>\n<td><strong>0,75 Ltr.<\/strong><\/td>\n<\/tr>\n<p><\/p>\n<tr>\n<td>Preis\/Ltr.<\/td>\n<td><strong>15,20 EUR pro Ltr.<\/strong><\/td>\n<\/tr>\n<p><\/p>\n<tr>\n<td>Weinart:<\/td>\n<td><strong>Wei\u00dfwein<\/strong><\/td>\n<\/tr>\n<p><\/p>\n<tr>\n<td>Qualit&auml;tsstufe<\/td>\n<td><strong>Qualit\u00e4tswein<\/strong><\/td>\n<\/tr>\n<p><\/p>\n<tr>\n<td>Rebsorte<\/td>\n<td><strong>Gew\u00fcrztraminer No.1<\/strong><\/td>\n<\/tr>\n<p><\/p>\n<tr>\n<td>Restzuckergehalt<\/td>\n<td><strong><\/strong><\/td>\n<\/tr>\n<p><\/p>\n<tr>\n<td>Alkoholgehalt<\/td>\n<td><strong><\/strong><\/td>\n<\/tr>\n<p><\/p>\n<tr>\n<td>vegan:<\/td>\n<td><strong>NEIN<\/strong><\/td>\n<\/tr>\n<p><\/p>\n<tr>\n<td>enth\u00e4lt Allergene:<\/td>\n<td><strong>Sulfite<\/strong><\/td>\n<\/tr>\n<p><\/p>\n<tr>\n<td>Ursprungsland:<\/td>\n<td><strong>Deutschland<\/strong><\/td>\n<\/tr>\n<p><\/table>\n","protected":false},"excerpt":{"rendered":"<p>Artikelnummer: 6b Inhalt 0,75 Ltr. Preis\/Ltr. 15,20 EUR pro Ltr. Weinart: Wei\u00dfwein Qualit&auml;tsstufe Qualit\u00e4tswein Rebsorte Gew\u00fcrztraminer No.1 Restzuckergehalt Alkoholgehalt vegan: NEIN enth\u00e4lt Allergene: Sulfite Ursprungsland: Deutschland<\/p>\n","protected":false},"featured_media":6118,"template":"","meta":[],"product_brand":[],"product_cat":[518],"product_tag":[],"class_list":{"0":"post-6150","1":"product","2":"type-product","3":"status-publish","4":"has-post-thumbnail","6":"product_cat-lagenweine-no-1","8":"first","9":"instock","10":"taxable","11":"shipping-taxable","12":"purchasable","13":"product-type-simple"},"_links":{"self":[{"href":"https:\/\/www.weingut-barth.net\/shop\/wp-json\/wp\/v2\/product\/6150","targetHints":{"allow":["GET"]}}],"collection":[{"href":"https:\/\/www.weingut-barth.net\/shop\/wp-json\/wp\/v2\/product"}],"about":[{"href":"https:\/\/www.weingut-barth.net\/shop\/wp-json\/wp\/v2\/types\/product"}],"wp:featuredmedia":[{"embeddable":true,"href":"https:\/\/www.weingut-barth.net\/shop\/wp-json\/wp\/v2\/media\/6118"}],"wp:attachment":[{"href":"https:\/\/www.weingut-barth.net\/shop\/wp-json\/wp\/v2\/media?parent=6150"}],"wp:term":[{"taxonomy":"product_brand","embeddable":true,"href":"https:\/\/www.weingut-barth.net\/shop\/wp-json\/wp\/v2\/product_brand?post=6150"},{"taxonomy":"product_cat","embeddable":true,"href":"https:\/\/www.weingut-barth.net\/shop\/wp-json\/wp\/v2\/product_cat?post=6150"},{"taxonomy":"product_tag","embeddable":true,"href":"https:\/\/www.weingut-barth.net\/shop\/wp-json\/wp\/v2\/product_tag?post=6150"}],"curies":[{"name":"wp","href":"https:\/\/api.w.org\/{rel}","templated":true}]}}